{"id":63,"date":"2020-12-12T08:43:59","date_gmt":"2020-12-12T09:43:59","guid":{"rendered":"https:\/\/loftsazulpastel.com\/about-us-2\/"},"modified":"2021-01-13T09:48:20","modified_gmt":"2021-01-13T10:48:20","slug":"about-us","status":"publish","type":"page","link":"https:\/\/loftsazulpastel.com\/en\/about-us\/","title":{"rendered":"About Us"},"content":{"rendered":"<p>[vc_row][vc_column width=&#8221;1\/2&#8243;]<div class=\"sohohotel-title3 sohohotel-title-color\"><h4>About Azul Pastel<\/h4><\/div>[vc_column_text]Lofts Azul pastel is a hotel unit with a magnificent view over the Ocean and coastline that is completed with the Pico Island in the background. It is a new and environmentally friendly building with all the amenities to have the maximum comfort during your stay.<\/p>\n<p>This hotel unit excels in simplicity combined with our culture and tradition (it has a threshing floor, cistern, corrals, fruit trees), not forgetting the comfort of our modern apartments, with good quality finishes. Our location is very close to the city center, but it is able to combine with a very quiet terrace by the sea, with a magnificent sunset. At night you can hear the sea and our friends Corys Shearwater. We also have a large private car park.[\/vc_column_text][vc_empty_space height=&#8221;10px&#8221;][\/vc_column][vc_column width=&#8221;1\/2&#8243;]<div class=\"sohohotel-video-thumbnail-wrapper\" style=\"background: url(https:\/\/loftsazulpastel.com\/wp-content\/uploads\/2021\/01\/video.jpg);\">\n\t<div class=\"sohohotel-video-play\">\n\t<a href=\"https:\/\/vimeo.com\/495192650\" data-gal=\"prettyPhoto\"><i class=\"fa fa-play\"><\/i><\/a>\n\t<\/div>\n\t<\/div>[vc_empty_space height=&#8221;40px&#8221;][\/vc_column][\/vc_row][vc_row][vc_column width=&#8221;1\/2&#8243;]<div class=\"sohohotel-title3 sohohotel-title-color\"><h4>Testimonials<\/h4><\/div>\t\n\t<!-- BEGIN .sohohotel-testimonial-wrapper -->\n\t<div class=\"sohohotel-testimonial-wrapper-1 sohohotel-testimonials-border-1\">\n\t\n\t\t\t\t\n\t\t\t<!-- BEGIN .sohohotel-testimonial-list- -->\n\t\t\t<div class=\"sohohotel-testimonial-list sohohotel-owl-carousel-1\">\n\t\n\t\t\t\t\t\t\t\n\t\t\t\t\t\t\t\t\n\t\t\t\t<!-- BEGIN .sohohotel-testimonial-block -->\n\t\t\t\t<div class=\"sohohotel-testimonial-block\">\n\t\t\t\t\t\n\t\t\t\t\t<div>\n\t\t\t\t\t\t<span class=\"sohohotel-open-quote\">\u201c<\/span>\n\t\t\t\t\t\t\t\t\t\t\t\t<p>This is an outstanding property. Our corner studio apt was of an excellent size with terrific views, in different directions, of green pastures, mountains and sea; the twin beds were comfortable; the kitchenette was well equipped; and the bathroom had plenty of on-demand hot water. Rui, the owner, was a charming and warm host throughout<\/p>\n<a href=\"https:\/\/loftsazulpastel.com\/en\/testimonials\/what-a-gem\/\" class=\"sohohotel-more-link\">Read More<i class=\"fa fa-angle-right\"><\/i><\/a>\t\t\t\t\t\t<span class=\"sohohotel-close-quote\">\u201d<\/span>\n\t\t\t\t\t<\/div>\n\n\t\t\t\t\t\n\t\t\t\t\t<div class=\"sohohotel-testimonial-author\"><p>Paul - Booking<\/p><\/div>\n\n\t\t\t\t<!-- END .sohohotel-testimonial-block -->\n\t\t\t\t<\/div>\n\t\t\t\n\t\t\t\t\t\t\t\n\t\t\t\t\t\t\t\t\n\t\t\t\t<!-- BEGIN .sohohotel-testimonial-block -->\n\t\t\t\t<div class=\"sohohotel-testimonial-block\">\n\t\t\t\t\t\n\t\t\t\t\t<div>\n\t\t\t\t\t\t<span class=\"sohohotel-open-quote\">\u201c<\/span>\n\t\t\t\t\t\t\t\t\t\t\t\t<p>Fomos muito bem recebidos pelo anfitri\u00e3o que se mostrou sempre dispon\u00edvel para qualquer eventualidade. Quarto simples, mas confort\u00e1vel e bem decorado e cozinha equipada com o essencial para preparar refei\u00e7\u00f5es ligeiras. Zona muito tranquila e sossegada. O quarto tem janelas enormes, o que permite ter uma boa vista da zona envolvente, bem como das vacas<\/p>\n<a href=\"https:\/\/loftsazulpastel.com\/en\/testimonials\/boa-relacao-qualidade-preco-e-grande-simpatia-do-anfitriao\/\" class=\"sohohotel-more-link\">Read More<i class=\"fa fa-angle-right\"><\/i><\/a>\t\t\t\t\t\t<span class=\"sohohotel-close-quote\">\u201d<\/span>\n\t\t\t\t\t<\/div>\n\n\t\t\t\t\t\n\t\t\t\t\t<div class=\"sohohotel-testimonial-author\"><p>Ana - Booking<\/p><\/div>\n\n\t\t\t\t<!-- END .sohohotel-testimonial-block -->\n\t\t\t\t<\/div>\n\t\t\t\n\t\t\t\t\t\t\t\n\t\t\t\t\t\t\t\t\n\t\t\t\t<!-- BEGIN .sohohotel-testimonial-block -->\n\t\t\t\t<div class=\"sohohotel-testimonial-block\">\n\t\t\t\t\t\n\t\t\t\t\t<div>\n\t\t\t\t\t\t<span class=\"sohohotel-open-quote\">\u201c<\/span>\n\t\t\t\t\t\t\t\t\t\t\t\t<p>Edif\u00edcio com arquitetura modernista situado num local privilegiado, na periferia da cidade da Horta, com vista magn\u00edfica para o Monte da Guia (Ilha do Faial), atr\u00e1s do qual se ergue majestosamente a Montanha do Pico (Ilha do Pico). A vista da janelas do quarto ao nascer do sol \u00e9 particularmente interessante. Os espa\u00e7os s\u00e3o muito<\/p>\n<a href=\"https:\/\/loftsazulpastel.com\/en\/testimonials\/espacos-amplos-e-vista-magnifica\/\" class=\"sohohotel-more-link\">Read More<i class=\"fa fa-angle-right\"><\/i><\/a>\t\t\t\t\t\t<span class=\"sohohotel-close-quote\">\u201d<\/span>\n\t\t\t\t\t<\/div>\n\n\t\t\t\t\t\n\t\t\t\t\t<div class=\"sohohotel-testimonial-author\"><p>L\u00eddia - Booking<\/p><\/div>\n\n\t\t\t\t<!-- END .sohohotel-testimonial-block -->\n\t\t\t\t<\/div>\n\t\t\t\n\t\t\t\t\t\n\t\t\t<!-- END .sohohotel-testimonial-list -->\n\t\t\t<\/div>\n\t\t\n\t\t\t\t\n\t<!-- END .sohohotel-testimonial-wrapper -->\n\t<\/div>\n\t\t\n\t[vc_empty_space height=&#8221;80px&#8221;][\/vc_column][vc_column width=&#8221;1\/2&#8243;]<div class=\"sohohotel-title3 sohohotel-title-color\"><h4>Hotel Facilities<\/h4><\/div>[vc_column_text]With sea views, Lofts Azul Pastel is set in Horta and has a restaurant, room service, bar, garden and terrace. The aparthotel features both WiFi and private parking free of charge.<\/p>\n<p>Lofts Azul Pastel provides guests with a patio, garden views, a seating area, cable flat-screen TV, a fully equipped kitchen with a microwave and a fridge, and a private bathroom with shower and a hairdryer. An oven and stovetop are also featured, as well as a kettle.<\/p>\n<p>The accommodation offers a continental or buffet breakfast.<\/p>\n<p>Guests can also relax in the shared lounge area.<\/p>\n<p>Praia da Concei\u00e7\u00e3o is 3 km from Lofts Azul Pastel.[\/vc_column_text][vc_empty_space height=&#8221;60px&#8221;][\/vc_column][\/vc_row]<\/p>\n","protected":false},"excerpt":{"rendered":"<p>[vc_row][vc_column width=&#8221;1\/2&#8243;][vc_column_text]Lofts Azul pastel is a hotel unit with a magnificent view over the Ocean and coastline that is completed with the Pico Island in the background. It is a new and environmentally friendly building with all the amenities to have the maximum comfort during your stay. This hotel unit excels in simplicity combined with<\/p>\n<a href=\"https:\/\/loftsazulpastel.com\/en\/testimonials\/espacos-amplos-e-vista-magnifica\/\" class=\"sohohotel-more-link\">Read More<i class=\"fa fa-angle-right\"><\/i><\/a>","protected":false},"author":1,"featured_media":0,"parent":0,"menu_order":0,"comment_status":"closed","ping_status":"closed","template":"","meta":[],"_links":{"self":[{"href":"https:\/\/loftsazulpastel.com\/en\/wp-json\/wp\/v2\/pages\/63"}],"collection":[{"href":"https:\/\/loftsazulpastel.com\/en\/wp-json\/wp\/v2\/pages"}],"about":[{"href":"https:\/\/loftsazulpastel.com\/en\/wp-json\/wp\/v2\/types\/page"}],"author":[{"embeddable":true,"href":"https:\/\/loftsazulpastel.com\/en\/wp-json\/wp\/v2\/users\/1"}],"replies":[{"embeddable":true,"href":"https:\/\/loftsazulpastel.com\/en\/wp-json\/wp\/v2\/comments?post=63"}],"version-history":[{"count":6,"href":"https:\/\/loftsazulpastel.com\/en\/wp-json\/wp\/v2\/pages\/63\/revisions"}],"predecessor-version":[{"id":570,"href":"https:\/\/loftsazulpastel.com\/en\/wp-json\/wp\/v2\/pages\/63\/revisions\/570"}],"wp:attachment":[{"href":"https:\/\/loftsazulpastel.com\/en\/wp-json\/wp\/v2\/media?parent=63"}],"curies":[{"name":"wp","href":"https:\/\/api.w.org\/{rel}","templated":true}]}}