{"id":490,"date":"2021-01-07T10:02:24","date_gmt":"2021-01-07T11:02:24","guid":{"rendered":"https:\/\/loftsazulpastel.com\/?page_id=490"},"modified":"2021-02-09T23:28:54","modified_gmt":"2021-02-10T00:28:54","slug":"client-testimonials","status":"publish","type":"page","link":"https:\/\/loftsazulpastel.com\/en\/client-testimonials\/","title":{"rendered":"Testimonials"},"content":{"rendered":"<p>[vc_row][vc_column css=&#8221;.vc_custom_1537770283670{margin-bottom: 40px !important;}&#8221;][vc_column_text]<br \/>\n\t\n\t\t<!-- BEGIN .sohohotel-testimonial-wrapper-1 -->\n\t\t<div class=\"sohohotel-testimonial-wrapper-1 sohohotel-testimonials-wrapper-full\">\n\t\t\t\n\t\t\t\n\t\t\t\t\t\t\n\t\t\t<!-- BEGIN .sohohotel-testimonial-block -->\n\t\t\t<div class=\"sohohotel-testimonial-block\">\n\t\t\t\t\n\t\t\t\t<div><span class=\"sohohotel-open-quote\">\u201c<\/span><p><span class=\"c-review__body c-review__body--original\n                    \" lang=\"en\">This is an outstanding property. Our corner studio apt was of an excellent size with terrific views, in different directions, of green pastures, mountains and sea; the twin beds were comfortable; the kitchenette was well equipped; and the bathroom had plenty of on-demand hot water. Rui, the owner, was a charming and warm host throughout our stay and made us feel so welcome, just as though we were personal friends. His staff were all delightful. The breakfasts he prepared had everything we could desire, including fresh fruit, local cheese, tasty breads (including bolo levedo), his mother&#8217;s home-made jams, juice, excellent coffee, and more. Really enjoyed the on-site restaurant where we had several meals other than breakfast &#8211; all well-prepared and of excellent value in a very appealing space. The building itself is a fun piece of architecture with great design quality and execution. The location, across the street from the Atlantic, and on the edge of town was ideal and quiet. Private parking. Highly recommended.<\/span><\/p>\n<span class=\"sohohotel-close-quote\">\u201d<\/span><\/div>\n\t\t\t\t\n\t\t\t\t\t\t\t\t\n\t\t\t\t<div class=\"sohohotel-testimonial-author\"><p>Paul - Booking<\/p><\/div>\n\t\t\t\t\n\t\t\t<!-- END .sohohotel-testimonial-block -->\n\t\t\t<\/div>\n\t\t\t\n\t\t\t\n\t\t\t\t\t\t\n\t\t\t<!-- BEGIN .sohohotel-testimonial-block -->\n\t\t\t<div class=\"sohohotel-testimonial-block\">\n\t\t\t\t\n\t\t\t\t<div><span class=\"sohohotel-open-quote\">\u201c<\/span><p><span class=\"c-review__body\" lang=\"pt\">Fomos muito bem recebidos pelo anfitri\u00e3o que se mostrou sempre dispon\u00edvel para qualquer eventualidade. Quarto simples, mas confort\u00e1vel e bem decorado e cozinha equipada com o essencial para preparar refei\u00e7\u00f5es ligeiras. Zona muito tranquila e sossegada. O quarto tem janelas enormes, o que permite ter uma boa vista da zona envolvente, bem como das vacas que pastam mesmo junto aos apartamentos. No dia de checkout iriamos sair bastante cedo (antes da hora de servir o pequeno-almo\u00e7o) e o anfitri\u00e3o prontificou-se a preparar-nos um saco com um lanche para que pud\u00e9ssemos levar e estava muito bem servido e completo. Pequeno-almo\u00e7o simples mas com alguma variedade e \u00f3timos produtos e o bolo caseiro \u00e9 fant\u00e1stico. Rela\u00e7\u00e3o qualidade-pre\u00e7o muito boa.<\/span><\/p>\n<span class=\"sohohotel-close-quote\">\u201d<\/span><\/div>\n\t\t\t\t\n\t\t\t\t\t\t\t\t\n\t\t\t\t<div class=\"sohohotel-testimonial-author\"><p>Ana - Booking<\/p><\/div>\n\t\t\t\t\n\t\t\t<!-- END .sohohotel-testimonial-block -->\n\t\t\t<\/div>\n\t\t\t\n\t\t\t\n\t\t\t\t\t\t\n\t\t\t<!-- BEGIN .sohohotel-testimonial-block -->\n\t\t\t<div class=\"sohohotel-testimonial-block\">\n\t\t\t\t\n\t\t\t\t<div><span class=\"sohohotel-open-quote\">\u201c<\/span><p><span class=\"c-review__body\" lang=\"pt\">Edif\u00edcio com arquitetura modernista situado num local privilegiado, na periferia da cidade da Horta, com vista magn\u00edfica para o Monte da Guia (Ilha do Faial), atr\u00e1s do qual se ergue majestosamente a Montanha do Pico (Ilha do Pico). A vista da janelas do quarto ao nascer do sol \u00e9 particularmente interessante. Os espa\u00e7os s\u00e3o muito amplos. Tem elevador, restaurante, bar e zona de estacionamento. O propriet\u00e1rio \u00e9 simp\u00e1tico e prest\u00e1vel. A localiza\u00e7\u00e3o do &#8220;Azul Pastel&#8221; convida a explorar o Porto Pim e a sua praia (zonas muitas vezes esquecida pelos visitantes da cidade da Horta), assim como o Monte da Guia.<\/span><\/p>\n<span class=\"sohohotel-close-quote\">\u201d<\/span><\/div>\n\t\t\t\t\n\t\t\t\t\t\t\t\t\n\t\t\t\t<div class=\"sohohotel-testimonial-author\"><p>L\u00eddia - Booking<\/p><\/div>\n\t\t\t\t\n\t\t\t<!-- END .sohohotel-testimonial-block -->\n\t\t\t<\/div>\n\t\t\t\n\t\t\t\n\t\t\t\t\t\t\n\t\t\t<!-- BEGIN .sohohotel-testimonial-block -->\n\t\t\t<div class=\"sohohotel-testimonial-block\">\n\t\t\t\t\n\t\t\t\t<div><span class=\"sohohotel-open-quote\">\u201c<\/span><p><span class=\"c-review__body\" lang=\"pt\">Excelente estadia de 2 noites no Lofts Azul Pastel. Quarto moderno e espa\u00e7oso, em local tranquilo e pr\u00f3ximo de tudo. Maravilhoso atendimento e simpatia. A repetir!<\/span><\/p>\n<span class=\"sohohotel-close-quote\">\u201d<\/span><\/div>\n\t\t\t\t\n\t\t\t\t\t\t\t\t\n\t\t\t\t<div class=\"sohohotel-testimonial-author\"><p>Jo\u00e3o - Booking<\/p><\/div>\n\t\t\t\t\n\t\t\t<!-- END .sohohotel-testimonial-block -->\n\t\t\t<\/div>\n\t\t\t\n\t\t\t\t\n\t\t<!-- END .sohohotel-testimonial-wrapper-1 -->\n\t\t<\/div>\n\t\t\n\t\t\n\t\t\t<div class=\"sohohotel-clearboth\"><\/div>\n\n\t\t\t<div class=\"sohohotel-page-pagination clearfix\"><div class='wp-pagenavi' role='navigation'>\n<span class='pages'>Page 1 of 2<\/span><span aria-current='page' class='current'>1<\/span><a class=\"page larger\" title=\"Page 2\" href=\"https:\/\/loftsazulpastel.com\/en\/wp-json\/wp\/v2\/pages\/490\/page\/2\/\">2<\/a><a class=\"nextpostslink\" rel=\"next\" aria-label=\"Next Page\" href=\"https:\/\/loftsazulpastel.com\/en\/wp-json\/wp\/v2\/pages\/490\/page\/2\/\">&raquo;<\/a>\n<\/div><\/div><div class=\"sohohotel-clearboth\"><\/div>\n\t\t<br \/>\n[\/vc_column_text][\/vc_column][\/vc_row]<\/p>\n","protected":false},"excerpt":{"rendered":"<p>[vc_row][vc_column css=&#8221;.vc_custom_1537770283670{margin-bottom: 40px !important;}&#8221;][vc_column_text] [\/vc_column_text][\/vc_column][\/vc_row]<\/p>\n<a href=\"https:\/\/loftsazulpastel.com\/en\/testimonials\/excecional-2\/\" class=\"sohohotel-more-link\">Read More<i class=\"fa fa-angle-right\"><\/i><\/a>","protected":false},"author":1,"featured_media":0,"parent":0,"menu_order":0,"comment_status":"closed","ping_status":"closed","template":"","meta":[],"_links":{"self":[{"href":"https:\/\/loftsazulpastel.com\/en\/wp-json\/wp\/v2\/pages\/490"}],"collection":[{"href":"https:\/\/loftsazulpastel.com\/en\/wp-json\/wp\/v2\/pages"}],"about":[{"href":"https:\/\/loftsazulpastel.com\/en\/wp-json\/wp\/v2\/types\/page"}],"author":[{"embeddable":true,"href":"https:\/\/loftsazulpastel.com\/en\/wp-json\/wp\/v2\/users\/1"}],"replies":[{"embeddable":true,"href":"https:\/\/loftsazulpastel.com\/en\/wp-json\/wp\/v2\/comments?post=490"}],"version-history":[{"count":1,"href":"https:\/\/loftsazulpastel.com\/en\/wp-json\/wp\/v2\/pages\/490\/revisions"}],"predecessor-version":[{"id":491,"href":"https:\/\/loftsazulpastel.com\/en\/wp-json\/wp\/v2\/pages\/490\/revisions\/491"}],"wp:attachment":[{"href":"https:\/\/loftsazulpastel.com\/en\/wp-json\/wp\/v2\/media?parent=490"}],"curies":[{"name":"wp","href":"https:\/\/api.w.org\/{rel}","templated":true}]}}