{"id":2359,"date":"2023-04-10T14:52:10","date_gmt":"2023-04-10T15:52:10","guid":{"rendered":"https:\/\/loftsazulpastel.com\/ementa\/?post_type=product&#038;p=2359"},"modified":"2023-04-10T14:53:19","modified_gmt":"2023-04-10T15:53:19","slug":"by-elio-lara","status":"publish","type":"product","link":"https:\/\/loftsazulpastel.com\/ementa\/produto\/by-elio-lara\/","title":{"rendered":"By \u00c9lio Lara"},"content":{"rendered":"<p>Este \u00e9 um vinho de uma casta mundialmente conhecida, Sauvignon Blanc. \u00c9lio Lara trabalhou com ela nas suas viagens pelo mundo e agora lan\u00e7a a sua interpreta\u00e7\u00e3o na sua terra. Este \u00e9 um vinho fermentado em inox, tentando sempre fazer a menor interven\u00e7\u00e3o poss\u00edvel de forma a transparecer a pot\u00eancia arom\u00e1tica da casta.<\/p>\n","protected":false},"excerpt":{"rendered":"<p>Este \u00e9 um vinho de uma casta mundialmente conhecida, Sauvignon Blanc. \u00c9lio Lara trabalhou com ela nas suas viagens pelo mundo e agora lan\u00e7a a sua interpreta\u00e7\u00e3o na sua terra. Este \u00e9 um vinho fermentado em inox, tentando sempre fazer a menor interven\u00e7\u00e3o poss\u00edvel de forma a transparecer a pot\u00eancia arom\u00e1tica da casta.<\/p>\n","protected":false},"featured_media":2360,"comment_status":"open","ping_status":"closed","template":"","meta":[],"product_cat":[80,65],"product_tag":[],"class_list":{"0":"post-2359","1":"product","2":"type-product","3":"status-publish","4":"has-post-thumbnail","6":"product_cat-brancos","7":"product_cat-vinhos","9":"first","10":"instock","11":"shipping-taxable","12":"purchasable","13":"product-type-simple"},"_links":{"self":[{"href":"https:\/\/loftsazulpastel.com\/ementa\/wp-json\/wp\/v2\/product\/2359"}],"collection":[{"href":"https:\/\/loftsazulpastel.com\/ementa\/wp-json\/wp\/v2\/product"}],"about":[{"href":"https:\/\/loftsazulpastel.com\/ementa\/wp-json\/wp\/v2\/types\/product"}],"replies":[{"embeddable":true,"href":"https:\/\/loftsazulpastel.com\/ementa\/wp-json\/wp\/v2\/comments?post=2359"}],"wp:featuredmedia":[{"embeddable":true,"href":"https:\/\/loftsazulpastel.com\/ementa\/wp-json\/wp\/v2\/media\/2360"}],"wp:attachment":[{"href":"https:\/\/loftsazulpastel.com\/ementa\/wp-json\/wp\/v2\/media?parent=2359"}],"wp:term":[{"taxonomy":"product_cat","embeddable":true,"href":"https:\/\/loftsazulpastel.com\/ementa\/wp-json\/wp\/v2\/product_cat?post=2359"},{"taxonomy":"product_tag","embeddable":true,"href":"https:\/\/loftsazulpastel.com\/ementa\/wp-json\/wp\/v2\/product_tag?post=2359"}],"curies":[{"name":"wp","href":"https:\/\/api.w.org\/{rel}","templated":true}]}}