{"id":2206,"date":"2022-02-23T13:40:42","date_gmt":"2022-02-23T14:40:42","guid":{"rendered":"https:\/\/loftsazulpastel.com\/ementa\/?post_type=product&#038;p=2206"},"modified":"2022-02-23T13:40:43","modified_gmt":"2022-02-23T14:40:43","slug":"catarina-branco","status":"publish","type":"product","link":"https:\/\/loftsazulpastel.com\/ementa\/produto\/catarina-branco\/","title":{"rendered":"Catarina branco"},"content":{"rendered":"<p>Com a sua cor amarela p\u00e1lida, esta colheita revelou-se muito delicada, elegante, mineral e floral. No paladar notamos pequenas notas e fruta amarela, como o p\u00eassego e o anan\u00e1s, combinadas com sensa\u00e7\u00f5es subtis de madeira tostada.<\/p>\n","protected":false},"excerpt":{"rendered":"<p>Com a sua cor amarela p\u00e1lida, esta colheita revelou-se muito delicada, elegante, mineral e floral. No paladar notamos pequenas notas e fruta amarela, como o p\u00eassego e o anan\u00e1s, combinadas com sensa\u00e7\u00f5es subtis de madeira tostada.<\/p>\n","protected":false},"featured_media":2207,"comment_status":"open","ping_status":"closed","template":"","meta":[],"product_cat":[80,65],"product_tag":[],"class_list":{"0":"post-2206","1":"product","2":"type-product","3":"status-publish","4":"has-post-thumbnail","6":"product_cat-brancos","7":"product_cat-vinhos","9":"first","10":"instock","11":"shipping-taxable","12":"purchasable","13":"product-type-simple"},"_links":{"self":[{"href":"https:\/\/loftsazulpastel.com\/ementa\/wp-json\/wp\/v2\/product\/2206"}],"collection":[{"href":"https:\/\/loftsazulpastel.com\/ementa\/wp-json\/wp\/v2\/product"}],"about":[{"href":"https:\/\/loftsazulpastel.com\/ementa\/wp-json\/wp\/v2\/types\/product"}],"replies":[{"embeddable":true,"href":"https:\/\/loftsazulpastel.com\/ementa\/wp-json\/wp\/v2\/comments?post=2206"}],"wp:featuredmedia":[{"embeddable":true,"href":"https:\/\/loftsazulpastel.com\/ementa\/wp-json\/wp\/v2\/media\/2207"}],"wp:attachment":[{"href":"https:\/\/loftsazulpastel.com\/ementa\/wp-json\/wp\/v2\/media?parent=2206"}],"wp:term":[{"taxonomy":"product_cat","embeddable":true,"href":"https:\/\/loftsazulpastel.com\/ementa\/wp-json\/wp\/v2\/product_cat?post=2206"},{"taxonomy":"product_tag","embeddable":true,"href":"https:\/\/loftsazulpastel.com\/ementa\/wp-json\/wp\/v2\/product_tag?post=2206"}],"curies":[{"name":"wp","href":"https:\/\/api.w.org\/{rel}","templated":true}]}}