{"id":2138,"date":"2021-05-16T11:12:31","date_gmt":"2021-05-16T12:12:31","guid":{"rendered":"https:\/\/loftsazulpastel.com\/ementa\/?post_type=product&#038;p=2138"},"modified":"2025-01-05T14:21:04","modified_gmt":"2025-01-05T15:21:04","slug":"chicken-corisca-bacon-cheese-com-batata","status":"publish","type":"product","link":"https:\/\/loftsazulpastel.com\/ementa\/produto\/chicken-corisca-bacon-cheese-com-batata\/","title":{"rendered":"Chicken Corisca Bacon Cheese com Batata"},"content":{"rendered":"<p>Corisca Bacon Cheese Burger \u00e9\u00a0 composto por bife de frango panado, queijo prato da nossa ilha, bacon e uma rodela de Anan\u00e1s dos A\u00e7ores para al\u00e9m do molho da casa, salada fresca e cebola caramelizada, acompanhada por batata frita caseira.<\/p>\n","protected":false},"excerpt":{"rendered":"<p>Corisca Bacon Cheese Burger \u00e9\u00a0 composto por bife de frango panado, queijo prato da nossa ilha, bacon e uma rodela de Anan\u00e1s dos A\u00e7ores para al\u00e9m do molho da casa, salada fresca e cebola caramelizada, acompanhada por batata frita caseira.<\/p>\n","protected":false},"featured_media":1681,"comment_status":"open","ping_status":"closed","template":"","meta":[],"product_cat":[88,66],"product_tag":[],"class_list":{"0":"post-2138","1":"product","2":"type-product","3":"status-publish","4":"has-post-thumbnail","6":"product_cat-hamburgers","7":"product_cat-snack","9":"first","10":"instock","11":"shipping-taxable","12":"purchasable","13":"product-type-simple"},"_links":{"self":[{"href":"https:\/\/loftsazulpastel.com\/ementa\/wp-json\/wp\/v2\/product\/2138"}],"collection":[{"href":"https:\/\/loftsazulpastel.com\/ementa\/wp-json\/wp\/v2\/product"}],"about":[{"href":"https:\/\/loftsazulpastel.com\/ementa\/wp-json\/wp\/v2\/types\/product"}],"replies":[{"embeddable":true,"href":"https:\/\/loftsazulpastel.com\/ementa\/wp-json\/wp\/v2\/comments?post=2138"}],"wp:featuredmedia":[{"embeddable":true,"href":"https:\/\/loftsazulpastel.com\/ementa\/wp-json\/wp\/v2\/media\/1681"}],"wp:attachment":[{"href":"https:\/\/loftsazulpastel.com\/ementa\/wp-json\/wp\/v2\/media?parent=2138"}],"wp:term":[{"taxonomy":"product_cat","embeddable":true,"href":"https:\/\/loftsazulpastel.com\/ementa\/wp-json\/wp\/v2\/product_cat?post=2138"},{"taxonomy":"product_tag","embeddable":true,"href":"https:\/\/loftsazulpastel.com\/ementa\/wp-json\/wp\/v2\/product_tag?post=2138"}],"curies":[{"name":"wp","href":"https:\/\/api.w.org\/{rel}","templated":true}]}}