{"id":2037,"date":"2020-06-18T21:33:47","date_gmt":"2020-06-18T22:33:47","guid":{"rendered":"https:\/\/loftsazulpastel.com\/ementa\/?post_type=product&#038;p=2037"},"modified":"2022-07-01T18:26:23","modified_gmt":"2022-07-01T19:26:23","slug":"sagres-boemia","status":"publish","type":"product","link":"https:\/\/loftsazulpastel.com\/ementa\/produto\/sagres-boemia\/","title":{"rendered":"Sagres Bo\u00e9mia"},"content":{"rendered":"<p>Uma cerveja avermelhada de car\u00e1ter intenso, aroma frutado, espuma cremosa e cor \u00e2mbar avermelhado, ideal para acompanhar as refei\u00e7\u00f5es.<\/p>\n","protected":false},"excerpt":{"rendered":"<p>Uma cerveja avermelhada de car\u00e1ter intenso, aroma frutado, espuma cremosa e cor \u00e2mbar avermelhado, ideal para acompanhar as refei\u00e7\u00f5es.<\/p>\n","protected":false},"featured_media":2038,"comment_status":"open","ping_status":"closed","template":"","meta":[],"product_cat":[71,119],"product_tag":[],"class_list":{"0":"post-2037","1":"product","2":"type-product","3":"status-publish","4":"has-post-thumbnail","6":"product_cat-cerveja-e-cidras","7":"product_cat-cervejas","9":"first","10":"instock","11":"shipping-taxable","12":"purchasable","13":"product-type-simple"},"_links":{"self":[{"href":"https:\/\/loftsazulpastel.com\/ementa\/wp-json\/wp\/v2\/product\/2037"}],"collection":[{"href":"https:\/\/loftsazulpastel.com\/ementa\/wp-json\/wp\/v2\/product"}],"about":[{"href":"https:\/\/loftsazulpastel.com\/ementa\/wp-json\/wp\/v2\/types\/product"}],"replies":[{"embeddable":true,"href":"https:\/\/loftsazulpastel.com\/ementa\/wp-json\/wp\/v2\/comments?post=2037"}],"wp:featuredmedia":[{"embeddable":true,"href":"https:\/\/loftsazulpastel.com\/ementa\/wp-json\/wp\/v2\/media\/2038"}],"wp:attachment":[{"href":"https:\/\/loftsazulpastel.com\/ementa\/wp-json\/wp\/v2\/media?parent=2037"}],"wp:term":[{"taxonomy":"product_cat","embeddable":true,"href":"https:\/\/loftsazulpastel.com\/ementa\/wp-json\/wp\/v2\/product_cat?post=2037"},{"taxonomy":"product_tag","embeddable":true,"href":"https:\/\/loftsazulpastel.com\/ementa\/wp-json\/wp\/v2\/product_tag?post=2037"}],"curies":[{"name":"wp","href":"https:\/\/api.w.org\/{rel}","templated":true}]}}