{"id":1950,"date":"2020-06-15T18:48:14","date_gmt":"2020-06-15T18:48:14","guid":{"rendered":"https:\/\/loftsazulpastel.com\/ementa\/?post_type=product&#038;p=1950"},"modified":"2024-07-27T21:02:01","modified_gmt":"2024-07-27T22:02:01","slug":"curral-atlantis-arinto","status":"publish","type":"product","link":"https:\/\/loftsazulpastel.com\/ementa\/produto\/curral-atlantis-arinto\/","title":{"rendered":"Curral Atlantis Arinto"},"content":{"rendered":"<p>Nas condi\u00e7\u00f5es edafo\u2011clim\u00e1ticas \u00fanicas do Pico, arquip\u00e9lago dos A\u00e7ores, a Curral Atlantis produz anualmente 70 mil garrafas de vinho, entre brancos, tintos e licorosos, usando para tal uvas de produ\u00e7\u00e3o pr\u00f3pria e outras compradas a pequenos produtores do Pico, ilha que concentra a maior \u00e1rea de cultivo de vinho nos A\u00e7ores.<\/p>\n","protected":false},"excerpt":{"rendered":"<p>Nas condi\u00e7\u00f5es edafo\u2011clim\u00e1ticas \u00fanicas do Pico, arquip\u00e9lago dos A\u00e7ores, a Curral Atlantis produz anualmente 70 mil garrafas de vinho, entre brancos, tintos e licorosos, usando para tal uvas de produ\u00e7\u00e3o pr\u00f3pria e outras compradas a pequenos produtores do Pico, ilha que concentra a maior \u00e1rea de cultivo de vinho nos A\u00e7ores.<\/p>\n","protected":false},"featured_media":1951,"comment_status":"open","ping_status":"closed","template":"","meta":[],"product_cat":[80,65],"product_tag":[],"class_list":{"0":"post-1950","1":"product","2":"type-product","3":"status-publish","4":"has-post-thumbnail","6":"product_cat-brancos","7":"product_cat-vinhos","9":"first","10":"instock","11":"shipping-taxable","12":"purchasable","13":"product-type-simple"},"_links":{"self":[{"href":"https:\/\/loftsazulpastel.com\/ementa\/wp-json\/wp\/v2\/product\/1950"}],"collection":[{"href":"https:\/\/loftsazulpastel.com\/ementa\/wp-json\/wp\/v2\/product"}],"about":[{"href":"https:\/\/loftsazulpastel.com\/ementa\/wp-json\/wp\/v2\/types\/product"}],"replies":[{"embeddable":true,"href":"https:\/\/loftsazulpastel.com\/ementa\/wp-json\/wp\/v2\/comments?post=1950"}],"wp:featuredmedia":[{"embeddable":true,"href":"https:\/\/loftsazulpastel.com\/ementa\/wp-json\/wp\/v2\/media\/1951"}],"wp:attachment":[{"href":"https:\/\/loftsazulpastel.com\/ementa\/wp-json\/wp\/v2\/media?parent=1950"}],"wp:term":[{"taxonomy":"product_cat","embeddable":true,"href":"https:\/\/loftsazulpastel.com\/ementa\/wp-json\/wp\/v2\/product_cat?post=1950"},{"taxonomy":"product_tag","embeddable":true,"href":"https:\/\/loftsazulpastel.com\/ementa\/wp-json\/wp\/v2\/product_tag?post=1950"}],"curies":[{"name":"wp","href":"https:\/\/api.w.org\/{rel}","templated":true}]}}