{"id":1804,"date":"2020-06-13T11:05:40","date_gmt":"2020-06-13T12:05:40","guid":{"rendered":"https:\/\/loftsazulpastel.com\/ementa\/?post_type=product&#038;p=1804"},"modified":"2025-01-05T13:24:50","modified_gmt":"2025-01-05T14:24:50","slug":"hamburguer-azul-pastel-com-batata-caseira","status":"publish","type":"product","link":"https:\/\/loftsazulpastel.com\/ementa\/produto\/hamburguer-azul-pastel-com-batata-caseira\/","title":{"rendered":"Hamb\u00farguer Azul Pastel  com Batata"},"content":{"rendered":"<p>Hamb\u00farguer Azul Pastel \u00e9 o mais completo, composto por carne de novilho local, queijo prato da nossa ilha, ovo e bacon, para al\u00e9m do molho da casa, salada fresca e cebola caramelizada, acompanhada por batata caseira.<\/p>\n","protected":false},"excerpt":{"rendered":"<p>Hamb\u00farguer Azul Pastel \u00e9 o mais completo, composto por carne de novilho local, queijo prato da nossa ilha, ovo e bacon, para al\u00e9m do molho da casa, salada fresca e cebola caramelizada, acompanhada por batata caseira.<\/p>\n","protected":false},"featured_media":1805,"comment_status":"open","ping_status":"closed","template":"","meta":[],"product_cat":[88,66],"product_tag":[],"class_list":{"0":"post-1804","1":"product","2":"type-product","3":"status-publish","4":"has-post-thumbnail","6":"product_cat-hamburgers","7":"product_cat-snack","9":"first","10":"instock","11":"shipping-taxable","12":"purchasable","13":"product-type-simple"},"_links":{"self":[{"href":"https:\/\/loftsazulpastel.com\/ementa\/wp-json\/wp\/v2\/product\/1804"}],"collection":[{"href":"https:\/\/loftsazulpastel.com\/ementa\/wp-json\/wp\/v2\/product"}],"about":[{"href":"https:\/\/loftsazulpastel.com\/ementa\/wp-json\/wp\/v2\/types\/product"}],"replies":[{"embeddable":true,"href":"https:\/\/loftsazulpastel.com\/ementa\/wp-json\/wp\/v2\/comments?post=1804"}],"wp:featuredmedia":[{"embeddable":true,"href":"https:\/\/loftsazulpastel.com\/ementa\/wp-json\/wp\/v2\/media\/1805"}],"wp:attachment":[{"href":"https:\/\/loftsazulpastel.com\/ementa\/wp-json\/wp\/v2\/media?parent=1804"}],"wp:term":[{"taxonomy":"product_cat","embeddable":true,"href":"https:\/\/loftsazulpastel.com\/ementa\/wp-json\/wp\/v2\/product_cat?post=1804"},{"taxonomy":"product_tag","embeddable":true,"href":"https:\/\/loftsazulpastel.com\/ementa\/wp-json\/wp\/v2\/product_tag?post=1804"}],"curies":[{"name":"wp","href":"https:\/\/api.w.org\/{rel}","templated":true}]}}