{"id":1698,"date":"2020-06-11T20:58:55","date_gmt":"2020-06-11T21:58:55","guid":{"rendered":"https:\/\/loftsazulpastel.com\/ementa\/?post_type=product&#038;p=1698"},"modified":"2025-01-05T13:28:01","modified_gmt":"2025-01-05T14:28:01","slug":"salada-de-salmao","status":"publish","type":"product","link":"https:\/\/loftsazulpastel.com\/ementa\/produto\/salada-de-salmao\/","title":{"rendered":"Salada de Salm\u00e3o"},"content":{"rendered":"<p>Salada de Salm\u00e3o \u00e9 composta por salada fresca e fruta, cubos de queijo de cabra e salm\u00e3o fumado.<\/p>\n","protected":false},"excerpt":{"rendered":"<p>Salada de Salm\u00e3o \u00e9 composta por salada fresca e fruta, cubos de queijo de cabra e salm\u00e3o fumado.<\/p>\n","protected":false},"featured_media":1837,"comment_status":"open","ping_status":"closed","template":"","meta":[],"product_cat":[93,107,108],"product_tag":[],"class_list":{"0":"post-1698","1":"product","2":"type-product","3":"status-publish","4":"has-post-thumbnail","6":"product_cat-peixe","7":"product_cat-saladas","8":"product_cat-saladas-2","9":"exwoofood_loc-angustias","11":"first","12":"instock","13":"shipping-taxable","14":"purchasable","15":"product-type-simple"},"_links":{"self":[{"href":"https:\/\/loftsazulpastel.com\/ementa\/wp-json\/wp\/v2\/product\/1698"}],"collection":[{"href":"https:\/\/loftsazulpastel.com\/ementa\/wp-json\/wp\/v2\/product"}],"about":[{"href":"https:\/\/loftsazulpastel.com\/ementa\/wp-json\/wp\/v2\/types\/product"}],"replies":[{"embeddable":true,"href":"https:\/\/loftsazulpastel.com\/ementa\/wp-json\/wp\/v2\/comments?post=1698"}],"wp:featuredmedia":[{"embeddable":true,"href":"https:\/\/loftsazulpastel.com\/ementa\/wp-json\/wp\/v2\/media\/1837"}],"wp:attachment":[{"href":"https:\/\/loftsazulpastel.com\/ementa\/wp-json\/wp\/v2\/media?parent=1698"}],"wp:term":[{"taxonomy":"product_cat","embeddable":true,"href":"https:\/\/loftsazulpastel.com\/ementa\/wp-json\/wp\/v2\/product_cat?post=1698"},{"taxonomy":"product_tag","embeddable":true,"href":"https:\/\/loftsazulpastel.com\/ementa\/wp-json\/wp\/v2\/product_tag?post=1698"}],"curies":[{"name":"wp","href":"https:\/\/api.w.org\/{rel}","templated":true}]}}