{"id":1561,"date":"2020-06-11T17:29:26","date_gmt":"2020-06-11T17:29:26","guid":{"rendered":"https:\/\/loftsazulpastel.com\/ementa\/?post_type=product&#038;p=1561"},"modified":"2020-06-11T17:29:26","modified_gmt":"2020-06-11T17:29:26","slug":"aguardente-crf-reserva","status":"publish","type":"product","link":"https:\/\/loftsazulpastel.com\/ementa\/produto\/aguardente-crf-reserva\/","title":{"rendered":"Aguardente CRF Reserva"},"content":{"rendered":"<p>A hist\u00f3ria da Carvalho, Ribeiro &#038; Ferreira, LDA. remonta a 1895, dando in\u00edcio \u00e0 produ\u00e7\u00e3o e comercializa\u00e7\u00e3o de vinhos e aguardentes. CRF \u00e9 uma excelente aguardente l\u00edder entre as melhores aguardentes portuguesas. \u00c9 feita a partir da mesma receita desde que foi produzida pela primeira vez em 1895. \u00c9 uma aguardente envelhecida em barris de carvalho, que lhe d\u00e3o uma cor escura top\u00e1zio com um aroma intenso e complexo. Final muito longo e persistente. Os conhecedores desta aguardente, muitas vezes preferem aquecer o copo antes de beberem este n\u00e9ctar.<\/p>\n","protected":false},"excerpt":{"rendered":"<p>A hist\u00f3ria da Carvalho, Ribeiro &#038; Ferreira, LDA. remonta a 1895, dando in\u00edcio \u00e0 produ\u00e7\u00e3o e comercializa\u00e7\u00e3o de vinhos e aguardentes. CRF \u00e9 uma excelente aguardente l\u00edder entre as melhores aguardentes portuguesas. \u00c9 feita a partir da mesma receita desde que foi produzida pela primeira vez em 1895. \u00c9 uma aguardente envelhecida em barris de [&hellip;]<\/p>\n","protected":false},"featured_media":1562,"comment_status":"open","ping_status":"closed","template":"","meta":[],"product_cat":[106,98],"product_tag":[],"class_list":{"0":"post-1561","1":"product","2":"type-product","3":"status-publish","4":"has-post-thumbnail","6":"product_cat-aguardente-velha","7":"product_cat-bebidas","8":"exwoofood_loc-angustias","10":"first","11":"instock","12":"shipping-taxable","13":"purchasable","14":"product-type-simple"},"_links":{"self":[{"href":"https:\/\/loftsazulpastel.com\/ementa\/wp-json\/wp\/v2\/product\/1561"}],"collection":[{"href":"https:\/\/loftsazulpastel.com\/ementa\/wp-json\/wp\/v2\/product"}],"about":[{"href":"https:\/\/loftsazulpastel.com\/ementa\/wp-json\/wp\/v2\/types\/product"}],"replies":[{"embeddable":true,"href":"https:\/\/loftsazulpastel.com\/ementa\/wp-json\/wp\/v2\/comments?post=1561"}],"wp:featuredmedia":[{"embeddable":true,"href":"https:\/\/loftsazulpastel.com\/ementa\/wp-json\/wp\/v2\/media\/1562"}],"wp:attachment":[{"href":"https:\/\/loftsazulpastel.com\/ementa\/wp-json\/wp\/v2\/media?parent=1561"}],"wp:term":[{"taxonomy":"product_cat","embeddable":true,"href":"https:\/\/loftsazulpastel.com\/ementa\/wp-json\/wp\/v2\/product_cat?post=1561"},{"taxonomy":"product_tag","embeddable":true,"href":"https:\/\/loftsazulpastel.com\/ementa\/wp-json\/wp\/v2\/product_tag?post=1561"}],"curies":[{"name":"wp","href":"https:\/\/api.w.org\/{rel}","templated":true}]}}