{"id":1554,"date":"2020-06-11T17:23:44","date_gmt":"2020-06-11T17:23:44","guid":{"rendered":"https:\/\/loftsazulpastel.com\/ementa\/?post_type=product&#038;p=1554"},"modified":"2020-06-11T17:23:44","modified_gmt":"2020-06-11T17:23:44","slug":"grants","status":"publish","type":"product","link":"https:\/\/loftsazulpastel.com\/ementa\/produto\/grants\/","title":{"rendered":"Grant&#8217;s"},"content":{"rendered":"<p>O Grant\u2019s \u00e9 um whisky extraordin\u00e1rio, um dos mais complexos whiskies uma vez produzidos na Esc\u00f3cia. Tem um aroma fresco, com notas de malte, embora complexo e levemente doce, com alus\u00e3o a banana e caramelo. O paladar \u00e9 limpo, mas tamb\u00e9m complexo, com notas de fruta ( t\u00edpico de Speyside), equilibrado e com um toque de do\u00e7ura.<\/p>\n","protected":false},"excerpt":{"rendered":"<p>O Grant\u2019s \u00e9 um whisky extraordin\u00e1rio, um dos mais complexos whiskies uma vez produzidos na Esc\u00f3cia. Tem um aroma fresco, com notas de malte, embora complexo e levemente doce, com alus\u00e3o a banana e caramelo. O paladar \u00e9 limpo, mas tamb\u00e9m complexo, com notas de fruta ( t\u00edpico de Speyside), equilibrado e com um toque [&hellip;]<\/p>\n","protected":false},"featured_media":1555,"comment_status":"open","ping_status":"closed","template":"","meta":[],"product_cat":[98,104],"product_tag":[],"class_list":{"0":"post-1554","1":"product","2":"type-product","3":"status-publish","4":"has-post-thumbnail","6":"product_cat-bebidas","7":"product_cat-whiskey","8":"exwoofood_loc-angustias","10":"first","11":"instock","12":"shipping-taxable","13":"purchasable","14":"product-type-simple"},"_links":{"self":[{"href":"https:\/\/loftsazulpastel.com\/ementa\/wp-json\/wp\/v2\/product\/1554"}],"collection":[{"href":"https:\/\/loftsazulpastel.com\/ementa\/wp-json\/wp\/v2\/product"}],"about":[{"href":"https:\/\/loftsazulpastel.com\/ementa\/wp-json\/wp\/v2\/types\/product"}],"replies":[{"embeddable":true,"href":"https:\/\/loftsazulpastel.com\/ementa\/wp-json\/wp\/v2\/comments?post=1554"}],"wp:featuredmedia":[{"embeddable":true,"href":"https:\/\/loftsazulpastel.com\/ementa\/wp-json\/wp\/v2\/media\/1555"}],"wp:attachment":[{"href":"https:\/\/loftsazulpastel.com\/ementa\/wp-json\/wp\/v2\/media?parent=1554"}],"wp:term":[{"taxonomy":"product_cat","embeddable":true,"href":"https:\/\/loftsazulpastel.com\/ementa\/wp-json\/wp\/v2\/product_cat?post=1554"},{"taxonomy":"product_tag","embeddable":true,"href":"https:\/\/loftsazulpastel.com\/ementa\/wp-json\/wp\/v2\/product_tag?post=1554"}],"curies":[{"name":"wp","href":"https:\/\/api.w.org\/{rel}","templated":true}]}}