{"id":1469,"date":"2020-06-10T18:39:51","date_gmt":"2020-06-10T18:39:51","guid":{"rendered":"https:\/\/loftsazulpastel.com\/ementa\/?post_type=product&#038;p=1469"},"modified":"2020-06-10T22:18:15","modified_gmt":"2020-06-10T22:18:15","slug":"casal-garcia","status":"publish","type":"product","link":"https:\/\/loftsazulpastel.com\/ementa\/produto\/casal-garcia\/","title":{"rendered":"Casal Garcia"},"content":{"rendered":"<p>Vinho produzido das castas Trajadura, Loureiro, Arinto e Azal. Apresenta uma cor citrina e uma boa limpidez. \u00c9 um vinho suave e fresco, com um aroma delicado e frutado. A frescura e o equil\u00edbrio deste vinho s\u00e3o as notas dominantes. Pode ser conservado at\u00e9 2 anos ap\u00f3s o engarrafamento. Acompanha bem pratos de peixe, mariscos, carnes brancas, saladas e cozinha asi\u00e1tica.<\/p>\n","protected":false},"excerpt":{"rendered":"<p>Vinho produzido das castas Trajadura, Loureiro, Arinto e Azal. Apresenta uma cor citrina e uma boa limpidez. \u00c9 um vinho suave e fresco, com um aroma delicado e frutado. A frescura e o equil\u00edbrio deste vinho s\u00e3o as notas dominantes. Pode ser conservado at\u00e9 2 anos ap\u00f3s o engarrafamento. Acompanha bem pratos de peixe, mariscos, [&hellip;]<\/p>\n","protected":false},"featured_media":1470,"comment_status":"open","ping_status":"closed","template":"","meta":[],"product_cat":[80,65],"product_tag":[],"class_list":{"0":"post-1469","1":"product","2":"type-product","3":"status-publish","4":"has-post-thumbnail","6":"product_cat-brancos","7":"product_cat-vinhos","8":"exwoofood_loc-angustias","10":"first","11":"instock","12":"shipping-taxable","13":"purchasable","14":"product-type-simple"},"_links":{"self":[{"href":"https:\/\/loftsazulpastel.com\/ementa\/wp-json\/wp\/v2\/product\/1469"}],"collection":[{"href":"https:\/\/loftsazulpastel.com\/ementa\/wp-json\/wp\/v2\/product"}],"about":[{"href":"https:\/\/loftsazulpastel.com\/ementa\/wp-json\/wp\/v2\/types\/product"}],"replies":[{"embeddable":true,"href":"https:\/\/loftsazulpastel.com\/ementa\/wp-json\/wp\/v2\/comments?post=1469"}],"wp:featuredmedia":[{"embeddable":true,"href":"https:\/\/loftsazulpastel.com\/ementa\/wp-json\/wp\/v2\/media\/1470"}],"wp:attachment":[{"href":"https:\/\/loftsazulpastel.com\/ementa\/wp-json\/wp\/v2\/media?parent=1469"}],"wp:term":[{"taxonomy":"product_cat","embeddable":true,"href":"https:\/\/loftsazulpastel.com\/ementa\/wp-json\/wp\/v2\/product_cat?post=1469"},{"taxonomy":"product_tag","embeddable":true,"href":"https:\/\/loftsazulpastel.com\/ementa\/wp-json\/wp\/v2\/product_tag?post=1469"}],"curies":[{"name":"wp","href":"https:\/\/api.w.org\/{rel}","templated":true}]}}