{"id":1495,"date":"2020-06-10T23:44:32","date_gmt":"2020-06-10T23:44:32","guid":{"rendered":"https:\/\/loftsazulpastel.com\/ementa\/?page_id=1495"},"modified":"2023-12-17T14:52:45","modified_gmt":"2023-12-17T15:52:45","slug":"snack","status":"publish","type":"page","link":"https:\/\/loftsazulpastel.com\/ementa\/snack\/","title":{"rendered":"Snack"},"content":{"rendered":"\r\n<h4 class=\"wp-block-heading\"><mark class=\"has-inline-color\" style=\"background-color: rgba(0, 0, 0, 0); color: #7782ac;\"><a href=\"#7782AC\">Toque nas fotos para mais informa\u00e7\u00f5es. No seu smartphone, toque em &#8220;TODOS&#8221; para filtrar o tipo de Snack.<\/a><\/mark><\/h4>\r\n\r\n\r\n\r\n<h5>Hamburgers e Sandes em Bolo L\u00eavedo Caseiro Acresce 0,50\u20ac<br \/>Dose de Batata Doce Acresce 1\u20ac<\/h5>\r\n\r\n\r\n\n","protected":false},"excerpt":{"rendered":"<p>Toque nas fotos para mais informa\u00e7\u00f5es. No seu smartphone, toque em &#8220;TODOS&#8221; para filtrar o tipo de Snack. Hamburgers e Sandes em Bolo L\u00eavedo Caseiro Acresce 0,50\u20acDose de Batata Doce Acresce 1\u20ac<\/p>\n","protected":false},"author":1,"featured_media":0,"parent":0,"menu_order":0,"comment_status":"closed","ping_status":"closed","template":"","meta":{"footnotes":""},"class_list":["post-1495","page","type-page","status-publish","hentry"],"_links":{"self":[{"href":"https:\/\/loftsazulpastel.com\/ementa\/wp-json\/wp\/v2\/pages\/1495"}],"collection":[{"href":"https:\/\/loftsazulpastel.com\/ementa\/wp-json\/wp\/v2\/pages"}],"about":[{"href":"https:\/\/loftsazulpastel.com\/ementa\/wp-json\/wp\/v2\/types\/page"}],"author":[{"embeddable":true,"href":"https:\/\/loftsazulpastel.com\/ementa\/wp-json\/wp\/v2\/users\/1"}],"replies":[{"embeddable":true,"href":"https:\/\/loftsazulpastel.com\/ementa\/wp-json\/wp\/v2\/comments?post=1495"}],"version-history":[{"count":9,"href":"https:\/\/loftsazulpastel.com\/ementa\/wp-json\/wp\/v2\/pages\/1495\/revisions"}],"predecessor-version":[{"id":2386,"href":"https:\/\/loftsazulpastel.com\/ementa\/wp-json\/wp\/v2\/pages\/1495\/revisions\/2386"}],"wp:attachment":[{"href":"https:\/\/loftsazulpastel.com\/ementa\/wp-json\/wp\/v2\/media?parent=1495"}],"curies":[{"name":"wp","href":"https:\/\/api.w.org\/{rel}","templated":true}]}}