{"id":1442,"date":"2020-06-09T15:55:05","date_gmt":"2020-06-09T15:55:05","guid":{"rendered":"https:\/\/loftsazulpastel.com\/ementa\/codigo-qr\/"},"modified":"2020-06-12T15:49:53","modified_gmt":"2020-06-12T15:49:53","slug":"codigo-qr","status":"publish","type":"page","link":"https:\/\/loftsazulpastel.com\/ementa\/codigo-qr\/","title":{"rendered":"C\u00d3DIGO QR"},"content":{"rendered":"\t\t<div data-elementor-type=\"wp-page\" data-elementor-id=\"1442\" class=\"elementor elementor-1442 elementor-1118\">\n\t\t\t\t\t\t<section class=\"elementor-section elementor-top-section elementor-element elementor-element-30e0305 elementor-section-boxed elementor-section-height-default elementor-section-height-default\" data-id=\"30e0305\" data-element_type=\"section\">\n\t\t\t\t\t\t<div class=\"elementor-container elementor-column-gap-default\">\n\t\t\t\t\t<div class=\"elementor-column elementor-col-100 elementor-top-column elementor-element elementor-element-31b2eec\" data-id=\"31b2eec\" data-element_type=\"column\">\n\t\t\t<div class=\"elementor-widget-wrap elementor-element-populated\">\n\t\t\t\t\t\t<div class=\"elementor-element elementor-element-e68b39c elementor-widget elementor-widget-heading\" data-id=\"e68b39c\" data-element_type=\"widget\" data-widget_type=\"heading.default\">\n\t\t\t\t<div class=\"elementor-widget-container\">\n\t\t\t<h1 class=\"elementor-heading-title elementor-size-default\">Ementa do Lofts Azul Pastel<\/h1>\t\t<\/div>\n\t\t\t\t<\/div>\n\t\t\t\t<div class=\"elementor-element elementor-element-50c0c30 elementor-invisible elementor-widget elementor-widget-image\" data-id=\"50c0c30\" data-element_type=\"widget\" data-settings=\"{&quot;_animation&quot;:&quot;zoomIn&quot;}\" data-widget_type=\"image.default\">\n\t\t\t\t<div class=\"elementor-widget-container\">\n\t\t\t\t\t\t\t\t\t\t\t\t\t<img fetchpriority=\"high\" decoding=\"async\" width=\"521\" height=\"521\" src=\"https:\/\/loftsazulpastel.com\/ementa\/wp-content\/uploads\/2020\/06\/qr-code.png\" class=\"attachment-large size-large wp-image-1439\" alt=\"\" srcset=\"https:\/\/loftsazulpastel.com\/ementa\/wp-content\/uploads\/2020\/06\/qr-code.png 521w, https:\/\/loftsazulpastel.com\/ementa\/wp-content\/uploads\/2020\/06\/qr-code-300x300.png 300w, https:\/\/loftsazulpastel.com\/ementa\/wp-content\/uploads\/2020\/06\/qr-code-150x150.png 150w, https:\/\/loftsazulpastel.com\/ementa\/wp-content\/uploads\/2020\/06\/qr-code-120x120.png 120w, https:\/\/loftsazulpastel.com\/ementa\/wp-content\/uploads\/2020\/06\/qr-code-400x400.png 400w, https:\/\/loftsazulpastel.com\/ementa\/wp-content\/uploads\/2020\/06\/qr-code-75x75.png 75w, https:\/\/loftsazulpastel.com\/ementa\/wp-content\/uploads\/2020\/06\/qr-code-444x444.png 444w, https:\/\/loftsazulpastel.com\/ementa\/wp-content\/uploads\/2020\/06\/qr-code-100x100.png 100w\" sizes=\"(max-width: 521px) 100vw, 521px\" \/>\t\t\t\t\t\t\t\t\t\t\t\t\t<\/div>\n\t\t\t\t<\/div>\n\t\t\t\t<div class=\"elementor-element elementor-element-9854a91 elementor-widget elementor-widget-heading\" data-id=\"9854a91\" data-element_type=\"widget\" data-widget_type=\"heading.default\">\n\t\t\t\t<div class=\"elementor-widget-container\">\n\t\t\t<h2 class=\"elementor-heading-title elementor-size-default\">Aponte o seu leitor de c\u00f3digos QR para esta imagem<\/h2>\t\t<\/div>\n\t\t\t\t<\/div>\n\t\t\t\t\t<\/div>\n\t\t<\/div>\n\t\t\t\t\t<\/div>\n\t\t<\/section>\n\t\t\t\t<section class=\"elementor-section elementor-top-section elementor-element elementor-element-8b33000 elementor-section-boxed elementor-section-height-default elementor-section-height-default\" data-id=\"8b33000\" data-element_type=\"section\">\n\t\t\t\t\t\t<div class=\"elementor-container elementor-column-gap-default\">\n\t\t\t\t\t<div class=\"elementor-column elementor-col-100 elementor-top-column elementor-element elementor-element-a3af54a\" data-id=\"a3af54a\" data-element_type=\"column\">\n\t\t\t<div class=\"elementor-widget-wrap elementor-element-populated\">\n\t\t\t\t\t\t<div class=\"elementor-element elementor-element-17f2933 elementor-widget elementor-widget-text-editor\" data-id=\"17f2933\" data-element_type=\"widget\" data-widget_type=\"text-editor.default\">\n\t\t\t\t<div class=\"elementor-widget-container\">\n\t\t\t\t\t\t\t<h4>Mostre a nossa ementa aos seus amigos. Pe\u00e7a para eles fazerem a leitura deste c\u00f3digo QR, ou, em alternativa, pe\u00e7a-os para abrir o link\u00a0 <span style=\"text-decoration: underline;\">loftsazulpastel.com\/ementa<\/span> no navegador do telem\u00f3vel.<\/h4>\n\t\t\t\t\t\t<\/div>\n\t\t\t\t<\/div>\n\t\t\t\t\t<\/div>\n\t\t<\/div>\n\t\t\t\t\t<\/div>\n\t\t<\/section>\n\t\t\t\t<\/div>\n\t\t","protected":false},"excerpt":{"rendered":"<p>Ementa do Lofts Azul Pastel Aponte o seu leitor de c\u00f3digos QR para esta imagem Mostre a nossa ementa aos seus amigos. Pe\u00e7a para eles fazerem a leitura deste c\u00f3digo QR, ou, em alternativa, pe\u00e7a-os para abrir o link\u00a0 loftsazulpastel.com\/ementa no navegador do telem\u00f3vel.<\/p>\n","protected":false},"author":1,"featured_media":0,"parent":0,"menu_order":0,"comment_status":"closed","ping_status":"closed","template":"","meta":{"footnotes":""},"class_list":["post-1442","page","type-page","status-publish","hentry"],"_links":{"self":[{"href":"https:\/\/loftsazulpastel.com\/ementa\/wp-json\/wp\/v2\/pages\/1442"}],"collection":[{"href":"https:\/\/loftsazulpastel.com\/ementa\/wp-json\/wp\/v2\/pages"}],"about":[{"href":"https:\/\/loftsazulpastel.com\/ementa\/wp-json\/wp\/v2\/types\/page"}],"author":[{"embeddable":true,"href":"https:\/\/loftsazulpastel.com\/ementa\/wp-json\/wp\/v2\/users\/1"}],"replies":[{"embeddable":true,"href":"https:\/\/loftsazulpastel.com\/ementa\/wp-json\/wp\/v2\/comments?post=1442"}],"version-history":[{"count":0,"href":"https:\/\/loftsazulpastel.com\/ementa\/wp-json\/wp\/v2\/pages\/1442\/revisions"}],"wp:attachment":[{"href":"https:\/\/loftsazulpastel.com\/ementa\/wp-json\/wp\/v2\/media?parent=1442"}],"curies":[{"name":"wp","href":"https:\/\/api.w.org\/{rel}","templated":true}]}}