{"id":2096,"date":"2020-10-29T12:40:31","date_gmt":"2020-10-29T13:40:31","guid":{"rendered":"https:\/\/loftsazulpastel.com\/ementa\/?post_type=product&#038;p=2096"},"modified":"2025-01-05T13:17:52","modified_gmt":"2025-01-05T14:17:52","slug":"hamburguer-azul-pastel-dupla-com-batata-caseira","status":"publish","type":"product","link":"https:\/\/loftsazulpastel.com\/ementa\/en\/produto\/hamburguer-azul-pastel-dupla-com-batata-caseira\/","title":{"rendered":"Hamb\u00farguer Azul Pastel Dupla  com Batata Caseira"},"content":{"rendered":"<p>Hamb\u00farguer Azul Pastel Dupla \u00e9 ainda mais completo, composto por 2 bifes de hamb\u00farguer com carne de novilho local, 2 vezes queijo prato da nossa ilha,\u00a0 2 ovos e 4 tiras de bacon, para al\u00e9m do molho da casa, salada fresca e cebola caramelizada, acompanhada por batata caseira.<\/p>\n","protected":false},"excerpt":{"rendered":"<p>Hamb\u00farguer Azul Pastel Dupla \u00e9 ainda mais completo, composto por 2 bifes de hamb\u00farguer com carne de novilho local, 2 vezes queijo prato da nossa ilha,\u00a0 2 ovos e 4 tiras de bacon, para al\u00e9m do molho da casa, salada fresca e cebola caramelizada, acompanhada por batata caseira.<\/p>\n","protected":false},"featured_media":2097,"comment_status":"open","ping_status":"closed","template":"","meta":[],"product_cat":[88,66],"product_tag":[],"class_list":{"0":"post-2096","1":"product","2":"type-product","3":"status-publish","4":"has-post-thumbnail","6":"product_cat-hamburgers","7":"product_cat-snack","9":"first","10":"instock","11":"featured","12":"shipping-taxable","13":"purchasable","14":"product-type-simple"},"_links":{"self":[{"href":"https:\/\/loftsazulpastel.com\/ementa\/en\/wp-json\/wp\/v2\/product\/2096"}],"collection":[{"href":"https:\/\/loftsazulpastel.com\/ementa\/en\/wp-json\/wp\/v2\/product"}],"about":[{"href":"https:\/\/loftsazulpastel.com\/ementa\/en\/wp-json\/wp\/v2\/types\/product"}],"replies":[{"embeddable":true,"href":"https:\/\/loftsazulpastel.com\/ementa\/en\/wp-json\/wp\/v2\/comments?post=2096"}],"wp:featuredmedia":[{"embeddable":true,"href":"https:\/\/loftsazulpastel.com\/ementa\/en\/wp-json\/wp\/v2\/media\/2097"}],"wp:attachment":[{"href":"https:\/\/loftsazulpastel.com\/ementa\/en\/wp-json\/wp\/v2\/media?parent=2096"}],"wp:term":[{"taxonomy":"product_cat","embeddable":true,"href":"https:\/\/loftsazulpastel.com\/ementa\/en\/wp-json\/wp\/v2\/product_cat?post=2096"},{"taxonomy":"product_tag","embeddable":true,"href":"https:\/\/loftsazulpastel.com\/ementa\/en\/wp-json\/wp\/v2\/product_tag?post=2096"}],"curies":[{"name":"wp","href":"https:\/\/api.w.org\/{rel}","templated":true}]}}