{"id":2047,"date":"2020-06-18T21:51:08","date_gmt":"2020-06-18T21:51:08","guid":{"rendered":"https:\/\/loftsazulpastel.com\/ementa\/?post_type=product&#038;p=2047"},"modified":"2020-06-18T21:51:09","modified_gmt":"2020-06-18T21:51:09","slug":"leffe-blonde","status":"publish","type":"product","link":"https:\/\/loftsazulpastel.com\/ementa\/en\/produto\/leffe-blonde\/","title":{"rendered":"Leffe Blonde"},"content":{"rendered":"<p>A\u00a0<strong>Leffe Blonde<\/strong>, cerveja que faz parte do estilo Blonde Ale, que tamb\u00e9m \u00e9 conhecido como \u201ca pilsen dos belgas\u201d, \u00e9 bem encorpada e cremosa. Com do\u00e7ura sutil, esta cerveja frutada, de colarinho denso, cor dourada e leve \u00e9 a companhia perfeita para refei\u00e7\u00f5es leves como saladas e peixes. Sua receita se mant\u00e9m original desde 1240 e \u00e9 o mais vendido r\u00f3tulo de abadia do mundo.<\/p>\n","protected":false},"excerpt":{"rendered":"<p>A\u00a0Leffe Blonde, cerveja que faz parte do estilo Blonde Ale, que tamb\u00e9m \u00e9 conhecido como \u201ca pilsen dos belgas\u201d, \u00e9 bem encorpada e cremosa. Com do\u00e7ura sutil, esta cerveja frutada, de colarinho denso, cor dourada e leve \u00e9 a companhia perfeita para refei\u00e7\u00f5es leves como saladas e peixes. Sua receita se mant\u00e9m original desde 1240 [&hellip;]<\/p>\n","protected":false},"featured_media":2048,"comment_status":"open","ping_status":"closed","template":"","meta":[],"product_cat":[71,119],"product_tag":[],"class_list":{"0":"post-2047","1":"product","2":"type-product","3":"status-publish","4":"has-post-thumbnail","6":"product_cat-cerveja-e-cidras","7":"product_cat-cervejas","9":"first","10":"instock","11":"shipping-taxable","12":"purchasable","13":"product-type-simple"},"_links":{"self":[{"href":"https:\/\/loftsazulpastel.com\/ementa\/en\/wp-json\/wp\/v2\/product\/2047"}],"collection":[{"href":"https:\/\/loftsazulpastel.com\/ementa\/en\/wp-json\/wp\/v2\/product"}],"about":[{"href":"https:\/\/loftsazulpastel.com\/ementa\/en\/wp-json\/wp\/v2\/types\/product"}],"replies":[{"embeddable":true,"href":"https:\/\/loftsazulpastel.com\/ementa\/en\/wp-json\/wp\/v2\/comments?post=2047"}],"wp:featuredmedia":[{"embeddable":true,"href":"https:\/\/loftsazulpastel.com\/ementa\/en\/wp-json\/wp\/v2\/media\/2048"}],"wp:attachment":[{"href":"https:\/\/loftsazulpastel.com\/ementa\/en\/wp-json\/wp\/v2\/media?parent=2047"}],"wp:term":[{"taxonomy":"product_cat","embeddable":true,"href":"https:\/\/loftsazulpastel.com\/ementa\/en\/wp-json\/wp\/v2\/product_cat?post=2047"},{"taxonomy":"product_tag","embeddable":true,"href":"https:\/\/loftsazulpastel.com\/ementa\/en\/wp-json\/wp\/v2\/product_tag?post=2047"}],"curies":[{"name":"wp","href":"https:\/\/api.w.org\/{rel}","templated":true}]}}