{"id":1944,"date":"2020-06-15T18:37:40","date_gmt":"2020-06-15T18:37:40","guid":{"rendered":"https:\/\/loftsazulpastel.com\/ementa\/?post_type=product&#038;p=1944"},"modified":"2020-06-16T13:53:29","modified_gmt":"2020-06-16T13:53:29","slug":"assobio","status":"publish","type":"product","link":"https:\/\/loftsazulpastel.com\/ementa\/en\/produto\/assobio\/","title":{"rendered":"Assobio"},"content":{"rendered":"<p>Tourigas Nacional e Franca e Tinta Roriz. Prov\u00e9m das vinhas nas cotas mais elevadas da propriedade e \u00e9 parcialmente estagiado em barrica. Aroma muito vivo, floral, fragante, fruto encarnado, conjunto muito sedutor. Mant\u00e9m o perfil na boca, mas apresenta-se mais m\u00e1sculo, com taninos vivos, sabor intenso, terminando fresco sempre com boa acidez.<\/p>\n","protected":false},"excerpt":{"rendered":"<p>Tourigas Nacional e Franca e Tinta Roriz. Prov\u00e9m das vinhas nas cotas mais elevadas da propriedade e \u00e9 parcialmente estagiado em barrica. Aroma muito vivo, floral, fragante, fruto encarnado, conjunto muito sedutor. Mant\u00e9m o perfil na boca, mas apresenta-se mais m\u00e1sculo, com taninos vivos, sabor intenso, terminando fresco sempre com boa acidez.<\/p>\n","protected":false},"featured_media":1945,"comment_status":"open","ping_status":"closed","template":"","meta":[],"product_cat":[79,65],"product_tag":[],"class_list":{"0":"post-1944","1":"product","2":"type-product","3":"status-publish","4":"has-post-thumbnail","6":"product_cat-tintos","7":"product_cat-vinhos","9":"first","10":"instock","11":"shipping-taxable","12":"purchasable","13":"product-type-simple"},"_links":{"self":[{"href":"https:\/\/loftsazulpastel.com\/ementa\/en\/wp-json\/wp\/v2\/product\/1944"}],"collection":[{"href":"https:\/\/loftsazulpastel.com\/ementa\/en\/wp-json\/wp\/v2\/product"}],"about":[{"href":"https:\/\/loftsazulpastel.com\/ementa\/en\/wp-json\/wp\/v2\/types\/product"}],"replies":[{"embeddable":true,"href":"https:\/\/loftsazulpastel.com\/ementa\/en\/wp-json\/wp\/v2\/comments?post=1944"}],"wp:featuredmedia":[{"embeddable":true,"href":"https:\/\/loftsazulpastel.com\/ementa\/en\/wp-json\/wp\/v2\/media\/1945"}],"wp:attachment":[{"href":"https:\/\/loftsazulpastel.com\/ementa\/en\/wp-json\/wp\/v2\/media?parent=1944"}],"wp:term":[{"taxonomy":"product_cat","embeddable":true,"href":"https:\/\/loftsazulpastel.com\/ementa\/en\/wp-json\/wp\/v2\/product_cat?post=1944"},{"taxonomy":"product_tag","embeddable":true,"href":"https:\/\/loftsazulpastel.com\/ementa\/en\/wp-json\/wp\/v2\/product_tag?post=1944"}],"curies":[{"name":"wp","href":"https:\/\/api.w.org\/{rel}","templated":true}]}}