{"id":1683,"date":"2020-06-11T20:45:38","date_gmt":"2020-06-11T21:45:38","guid":{"rendered":"https:\/\/loftsazulpastel.com\/ementa\/?post_type=product&#038;p=1683"},"modified":"2025-01-05T13:30:10","modified_gmt":"2025-01-05T14:30:10","slug":"hamburger-vegerariano","status":"publish","type":"product","link":"https:\/\/loftsazulpastel.com\/ementa\/en\/produto\/hamburger-vegerariano\/","title":{"rendered":"Hamb\u00farguer Vegetariano com Batata Caseira"},"content":{"rendered":"<p>Um hamb\u00farguer diferente mas muito saboroso feito \u00e1 base de gr\u00e3o de bico e especiarias, molho da casa, salada fresca e cebola caramelizada, acompanhado por batata caseira.<\/p>\n","protected":false},"excerpt":{"rendered":"<p>Um hamb\u00farguer diferente mas muito saboroso feito \u00e1 base de gr\u00e3o de bico e especiarias, molho da casa, salada fresca e cebola caramelizada, acompanhado por batata caseira.<\/p>\n","protected":false},"featured_media":1684,"comment_status":"open","ping_status":"closed","template":"","meta":[],"product_cat":[88],"product_tag":[],"class_list":{"0":"post-1683","1":"product","2":"type-product","3":"status-publish","4":"has-post-thumbnail","6":"product_cat-hamburgers","7":"exwoofood_loc-angustias","9":"first","10":"instock","11":"shipping-taxable","12":"purchasable","13":"product-type-simple"},"_links":{"self":[{"href":"https:\/\/loftsazulpastel.com\/ementa\/en\/wp-json\/wp\/v2\/product\/1683"}],"collection":[{"href":"https:\/\/loftsazulpastel.com\/ementa\/en\/wp-json\/wp\/v2\/product"}],"about":[{"href":"https:\/\/loftsazulpastel.com\/ementa\/en\/wp-json\/wp\/v2\/types\/product"}],"replies":[{"embeddable":true,"href":"https:\/\/loftsazulpastel.com\/ementa\/en\/wp-json\/wp\/v2\/comments?post=1683"}],"wp:featuredmedia":[{"embeddable":true,"href":"https:\/\/loftsazulpastel.com\/ementa\/en\/wp-json\/wp\/v2\/media\/1684"}],"wp:attachment":[{"href":"https:\/\/loftsazulpastel.com\/ementa\/en\/wp-json\/wp\/v2\/media?parent=1683"}],"wp:term":[{"taxonomy":"product_cat","embeddable":true,"href":"https:\/\/loftsazulpastel.com\/ementa\/en\/wp-json\/wp\/v2\/product_cat?post=1683"},{"taxonomy":"product_tag","embeddable":true,"href":"https:\/\/loftsazulpastel.com\/ementa\/en\/wp-json\/wp\/v2\/product_tag?post=1683"}],"curies":[{"name":"wp","href":"https:\/\/api.w.org\/{rel}","templated":true}]}}