{"id":1642,"date":"2020-06-11T19:50:06","date_gmt":"2020-06-11T20:50:06","guid":{"rendered":"https:\/\/loftsazulpastel.com\/ementa\/?post_type=product&#038;p=1642"},"modified":"2023-01-07T11:23:43","modified_gmt":"2023-01-07T12:23:43","slug":"capuccino","status":"publish","type":"product","link":"https:\/\/loftsazulpastel.com\/ementa\/en\/produto\/capuccino\/","title":{"rendered":"Capuccino"},"content":{"rendered":"<p>Cappuccino, do italiano, pronunciado: ou capuchino, geralmente pronunciado: em portugu\u00eas, \u00e9 uma bebida italiana preparada com caf\u00e9 expresso e leite. <\/p>\n","protected":false},"excerpt":{"rendered":"<p>Cappuccino, do italiano, pronunciado: ou capuchino, geralmente pronunciado: em portugu\u00eas, \u00e9 uma bebida italiana preparada com caf\u00e9 expresso e leite.<\/p>\n","protected":false},"featured_media":1643,"comment_status":"open","ping_status":"closed","template":"","meta":[],"product_cat":[68],"product_tag":[],"class_list":{"0":"post-1642","1":"product","2":"type-product","3":"status-publish","4":"has-post-thumbnail","6":"product_cat-cafetaria-2","7":"exwoofood_loc-angustias","9":"first","10":"instock","11":"shipping-taxable","12":"purchasable","13":"product-type-simple"},"_links":{"self":[{"href":"https:\/\/loftsazulpastel.com\/ementa\/en\/wp-json\/wp\/v2\/product\/1642"}],"collection":[{"href":"https:\/\/loftsazulpastel.com\/ementa\/en\/wp-json\/wp\/v2\/product"}],"about":[{"href":"https:\/\/loftsazulpastel.com\/ementa\/en\/wp-json\/wp\/v2\/types\/product"}],"replies":[{"embeddable":true,"href":"https:\/\/loftsazulpastel.com\/ementa\/en\/wp-json\/wp\/v2\/comments?post=1642"}],"wp:featuredmedia":[{"embeddable":true,"href":"https:\/\/loftsazulpastel.com\/ementa\/en\/wp-json\/wp\/v2\/media\/1643"}],"wp:attachment":[{"href":"https:\/\/loftsazulpastel.com\/ementa\/en\/wp-json\/wp\/v2\/media?parent=1642"}],"wp:term":[{"taxonomy":"product_cat","embeddable":true,"href":"https:\/\/loftsazulpastel.com\/ementa\/en\/wp-json\/wp\/v2\/product_cat?post=1642"},{"taxonomy":"product_tag","embeddable":true,"href":"https:\/\/loftsazulpastel.com\/ementa\/en\/wp-json\/wp\/v2\/product_tag?post=1642"}],"curies":[{"name":"wp","href":"https:\/\/api.w.org\/{rel}","templated":true}]}}