{"id":1598,"date":"2020-06-11T19:03:58","date_gmt":"2020-06-11T20:03:58","guid":{"rendered":"https:\/\/loftsazulpastel.com\/ementa\/?post_type=product&#038;p=1598"},"modified":"2024-04-01T14:26:51","modified_gmt":"2024-04-01T15:26:51","slug":"kima-maracuja","status":"publish","type":"product","link":"https:\/\/loftsazulpastel.com\/ementa\/en\/produto\/kima-maracuja\/","title":{"rendered":"Kima de Maracuj\u00e1"},"content":{"rendered":"<p>Sumo Kima de Maracuj\u00e1 dos A\u00e7ores \u00e9 \u00fanico com sabor a maracuj\u00e1 produzido na f\u00e1brica Melo Abreu, em S\u00e3o Miguel, A\u00e7ores.<\/p>\n<p>Ingredientes: \u00e1gua e di\u00f3xido de carbono, a\u00e7\u00facar, concentrado de sumo de maracuj\u00e1(10%), regulador de acidez, \u00e1cido c\u00edtrico, antioxidante: \u00e1cido asc\u00f3rbico, edulcorante, sucralose.<\/p>\n<p>Declara\u00e7\u00e3o Nutricional por 100 ml:<br \/>\nL\u00edpidos \u2013 <0.1g dos quais saturados - <0.1g Hidratos de carbono - 6.4g dos quais saturadosc- 6.3g Fibra - <0.3g Prote\u00ednas - <0.4g Sal - <0.03g Vitamina C* - 8.2mg * 10%vm - Valor de refer\u00eancia do nutriente * Doses de refer\u00eancia para um adulto m\u00e9dio (8400kj\/2000kcal)\n<\/p>\n","protected":false},"excerpt":{"rendered":"<p>Sumo Kima de Maracuj\u00e1 dos A\u00e7ores \u00e9 \u00fanico com sabor a maracuj\u00e1 produzido na f\u00e1brica Melo Abreu, em S\u00e3o Miguel, A\u00e7ores. Ingredientes: \u00e1gua e di\u00f3xido de carbono, a\u00e7\u00facar, concentrado de sumo de maracuj\u00e1(10%), regulador de acidez, \u00e1cido c\u00edtrico, antioxidante: \u00e1cido asc\u00f3rbico, edulcorante, sucralose. Declara\u00e7\u00e3o Nutricional por 100 ml: L\u00edpidos \u2013<\/p>\n","protected":false},"featured_media":1599,"comment_status":"open","ping_status":"closed","template":"","meta":[],"product_cat":[70,122],"product_tag":[],"class_list":{"0":"post-1598","1":"product","2":"type-product","3":"status-publish","4":"has-post-thumbnail","6":"product_cat-aguas-e-refrigerantes","7":"product_cat-refrigerantes-2","8":"exwoofood_loc-angustias","10":"first","11":"instock","12":"shipping-taxable","13":"purchasable","14":"product-type-simple"},"_links":{"self":[{"href":"https:\/\/loftsazulpastel.com\/ementa\/en\/wp-json\/wp\/v2\/product\/1598"}],"collection":[{"href":"https:\/\/loftsazulpastel.com\/ementa\/en\/wp-json\/wp\/v2\/product"}],"about":[{"href":"https:\/\/loftsazulpastel.com\/ementa\/en\/wp-json\/wp\/v2\/types\/product"}],"replies":[{"embeddable":true,"href":"https:\/\/loftsazulpastel.com\/ementa\/en\/wp-json\/wp\/v2\/comments?post=1598"}],"wp:featuredmedia":[{"embeddable":true,"href":"https:\/\/loftsazulpastel.com\/ementa\/en\/wp-json\/wp\/v2\/media\/1599"}],"wp:attachment":[{"href":"https:\/\/loftsazulpastel.com\/ementa\/en\/wp-json\/wp\/v2\/media?parent=1598"}],"wp:term":[{"taxonomy":"product_cat","embeddable":true,"href":"https:\/\/loftsazulpastel.com\/ementa\/en\/wp-json\/wp\/v2\/product_cat?post=1598"},{"taxonomy":"product_tag","embeddable":true,"href":"https:\/\/loftsazulpastel.com\/ementa\/en\/wp-json\/wp\/v2\/product_tag?post=1598"}],"curies":[{"name":"wp","href":"https:\/\/api.w.org\/{rel}","templated":true}]}}