{"id":1549,"date":"2020-06-11T17:17:54","date_gmt":"2020-06-11T17:17:54","guid":{"rendered":"https:\/\/loftsazulpastel.com\/ementa\/?post_type=product&#038;p=1549"},"modified":"2020-06-11T17:17:54","modified_gmt":"2020-06-11T17:17:54","slug":"gin-gordons","status":"publish","type":"product","link":"https:\/\/loftsazulpastel.com\/ementa\/en\/produto\/gin-gordons\/","title":{"rendered":"Gin Gordons"},"content":{"rendered":"<p>Gordon \u00e9 talvez a marca de gin mais famosa do mundo. Foi produzido pela primeira vez em 1769 e hoje em dia \u00e9 produzido na Esc\u00f3cia. O Gordon Dry Gin foi desenvolvido por Alexander Gordon, um londrino de ascend\u00eancia escocesa que abriu uma destilaria na \u00e1rea de Southwark, em 1769, A receita desenvolvida por Alexander, que permanece inalterada at\u00e9 hoje, foi muito bem sucedida logo no inicio da sua produ\u00e7\u00e3o e mantem-se um sucesso at\u00e9 os dias de hoje. O gin Gordons \u00e9 Triplamente destilado com bagas de zimbro, sementes de coentro, raiz de ang\u00e9lica, alca\u00e7uz, raiz de l\u00edrio, laranja e casca de lim\u00e3o. Em 1904, \u00e9 introduzida a garrafa quadrada, uma imagem de marca at\u00e9 hoje. Gordon foi gin favorito de Ernest Hemingway, que ele afirmava &#8220;fortalecer, pacificar e cauterizar praticamente todos os ferimentos internos e externos&#8221;.<\/p>\n","protected":false},"excerpt":{"rendered":"<p>Gordon \u00e9 talvez a marca de gin mais famosa do mundo. Foi produzido pela primeira vez em 1769 e hoje em dia \u00e9 produzido na Esc\u00f3cia. O Gordon Dry Gin foi desenvolvido por Alexander Gordon, um londrino de ascend\u00eancia escocesa que abriu uma destilaria na \u00e1rea de Southwark, em 1769, A receita desenvolvida por Alexander, [&hellip;]<\/p>\n","protected":false},"featured_media":1550,"comment_status":"open","ping_status":"closed","template":"","meta":[],"product_cat":[98,102],"product_tag":[],"class_list":{"0":"post-1549","1":"product","2":"type-product","3":"status-publish","4":"has-post-thumbnail","6":"product_cat-bebidas","7":"product_cat-gin-tonic","8":"exwoofood_loc-angustias","10":"first","11":"instock","12":"shipping-taxable","13":"purchasable","14":"product-type-simple"},"_links":{"self":[{"href":"https:\/\/loftsazulpastel.com\/ementa\/en\/wp-json\/wp\/v2\/product\/1549"}],"collection":[{"href":"https:\/\/loftsazulpastel.com\/ementa\/en\/wp-json\/wp\/v2\/product"}],"about":[{"href":"https:\/\/loftsazulpastel.com\/ementa\/en\/wp-json\/wp\/v2\/types\/product"}],"replies":[{"embeddable":true,"href":"https:\/\/loftsazulpastel.com\/ementa\/en\/wp-json\/wp\/v2\/comments?post=1549"}],"wp:featuredmedia":[{"embeddable":true,"href":"https:\/\/loftsazulpastel.com\/ementa\/en\/wp-json\/wp\/v2\/media\/1550"}],"wp:attachment":[{"href":"https:\/\/loftsazulpastel.com\/ementa\/en\/wp-json\/wp\/v2\/media?parent=1549"}],"wp:term":[{"taxonomy":"product_cat","embeddable":true,"href":"https:\/\/loftsazulpastel.com\/ementa\/en\/wp-json\/wp\/v2\/product_cat?post=1549"},{"taxonomy":"product_tag","embeddable":true,"href":"https:\/\/loftsazulpastel.com\/ementa\/en\/wp-json\/wp\/v2\/product_tag?post=1549"}],"curies":[{"name":"wp","href":"https:\/\/api.w.org\/{rel}","templated":true}]}}