{"id":1540,"date":"2020-06-11T17:10:38","date_gmt":"2020-06-11T17:10:38","guid":{"rendered":"https:\/\/loftsazulpastel.com\/ementa\/?post_type=product&#038;p=1540"},"modified":"2020-06-11T17:10:38","modified_gmt":"2020-06-11T17:10:38","slug":"rum-bacardi","status":"publish","type":"product","link":"https:\/\/loftsazulpastel.com\/ementa\/en\/produto\/rum-bacardi\/","title":{"rendered":"Rum Bacardi"},"content":{"rendered":"<p>Em 1862, Don Facundo Bacard\u00ed Mass\u00f3 decidiu criar um Rum \u00fanico. Passou a d\u00e9cada seguinte a aperfei\u00e7oar misturas que tinha orgulho em servir ao povo de Cuba. Nunca parou, sempre \u00e0 procura de modos de melhorar o seu produto. O seu esp\u00edrito perdura hoje nos Maestros de Ron Bacard\u00ed. Eles asseguram que todos os lotes de Rum Bacard\u00ed respeitam a procura de perfei\u00e7\u00e3o inabal\u00e1vel de Don Facundo, mantendo assim a tradi\u00e7\u00e3o de um Rum que, depois de mais de um s\u00e9culo e meio, ainda merece ostentar o nome Bacard\u00ed.<\/p>\n","protected":false},"excerpt":{"rendered":"<p>Em 1862, Don Facundo Bacard\u00ed Mass\u00f3 decidiu criar um Rum \u00fanico. Passou a d\u00e9cada seguinte a aperfei\u00e7oar misturas que tinha orgulho em servir ao povo de Cuba. Nunca parou, sempre \u00e0 procura de modos de melhorar o seu produto. O seu esp\u00edrito perdura hoje nos Maestros de Ron Bacard\u00ed. Eles asseguram que todos os lotes [&hellip;]<\/p>\n","protected":false},"featured_media":1541,"comment_status":"open","ping_status":"closed","template":"","meta":[],"product_cat":[98,99],"product_tag":[],"class_list":{"0":"post-1540","1":"product","2":"type-product","3":"status-publish","4":"has-post-thumbnail","6":"product_cat-bebidas","7":"product_cat-bebidas-espirituosas","8":"exwoofood_loc-angustias","10":"first","11":"instock","12":"shipping-taxable","13":"purchasable","14":"product-type-simple"},"_links":{"self":[{"href":"https:\/\/loftsazulpastel.com\/ementa\/en\/wp-json\/wp\/v2\/product\/1540"}],"collection":[{"href":"https:\/\/loftsazulpastel.com\/ementa\/en\/wp-json\/wp\/v2\/product"}],"about":[{"href":"https:\/\/loftsazulpastel.com\/ementa\/en\/wp-json\/wp\/v2\/types\/product"}],"replies":[{"embeddable":true,"href":"https:\/\/loftsazulpastel.com\/ementa\/en\/wp-json\/wp\/v2\/comments?post=1540"}],"wp:featuredmedia":[{"embeddable":true,"href":"https:\/\/loftsazulpastel.com\/ementa\/en\/wp-json\/wp\/v2\/media\/1541"}],"wp:attachment":[{"href":"https:\/\/loftsazulpastel.com\/ementa\/en\/wp-json\/wp\/v2\/media?parent=1540"}],"wp:term":[{"taxonomy":"product_cat","embeddable":true,"href":"https:\/\/loftsazulpastel.com\/ementa\/en\/wp-json\/wp\/v2\/product_cat?post=1540"},{"taxonomy":"product_tag","embeddable":true,"href":"https:\/\/loftsazulpastel.com\/ementa\/en\/wp-json\/wp\/v2\/product_tag?post=1540"}],"curies":[{"name":"wp","href":"https:\/\/api.w.org\/{rel}","templated":true}]}}