{"id":1533,"date":"2020-06-11T16:46:30","date_gmt":"2020-06-11T16:46:30","guid":{"rendered":"https:\/\/loftsazulpastel.com\/ementa\/?post_type=product&#038;p=1533"},"modified":"2020-06-11T16:46:30","modified_gmt":"2020-06-11T16:46:30","slug":"pisang-ambon","status":"publish","type":"product","link":"https:\/\/loftsazulpastel.com\/ementa\/en\/produto\/pisang-ambon\/","title":{"rendered":"Pisang Ambon"},"content":{"rendered":"<p>Pisang Ambon \u00e9 um licor de banana suave, baseado numa receita original indon\u00e9sia. O nome presta homenagem \u00e0s suas ra\u00edzes indon\u00e9sias, uma vez que Pisang Ambon significa \u201cbanana\u201d em indon\u00e9sio e Ambon \u00e9 uma pequena ilha situada perto de Bali. O logotipo Tjap Wajang refere-se a uma das tradi\u00e7\u00f5es culturais mais populares da Indon\u00e9sia, os fantoches de sombra. Pisang Ambon \u00e9 facilmente reconhec\u00edvel pela sua cor verde marcante e pela sua \u00fanica e lend\u00e1ria garrafa quadrada. Apresentado pela primeira vez h\u00e1 mais de 60 anos atr\u00e1s, Pisang Ambon \u00e9 um licor internacional moderno, com um sabor ex\u00f3tico a banana e uma pitada de apontamentos c\u00edtricos.<\/p>\n","protected":false},"excerpt":{"rendered":"<p>Pisang Ambon \u00e9 um licor de banana suave, baseado numa receita original indon\u00e9sia. O nome presta homenagem \u00e0s suas ra\u00edzes indon\u00e9sias, uma vez que Pisang Ambon significa \u201cbanana\u201d em indon\u00e9sio e Ambon \u00e9 uma pequena ilha situada perto de Bali. O logotipo Tjap Wajang refere-se a uma das tradi\u00e7\u00f5es culturais mais populares da Indon\u00e9sia, os [&hellip;]<\/p>\n","protected":false},"featured_media":1534,"comment_status":"open","ping_status":"closed","template":"","meta":[],"product_cat":[98,99],"product_tag":[],"class_list":{"0":"post-1533","1":"product","2":"type-product","3":"status-publish","4":"has-post-thumbnail","6":"product_cat-bebidas","7":"product_cat-bebidas-espirituosas","9":"first","10":"instock","11":"shipping-taxable","12":"purchasable","13":"product-type-simple"},"_links":{"self":[{"href":"https:\/\/loftsazulpastel.com\/ementa\/en\/wp-json\/wp\/v2\/product\/1533"}],"collection":[{"href":"https:\/\/loftsazulpastel.com\/ementa\/en\/wp-json\/wp\/v2\/product"}],"about":[{"href":"https:\/\/loftsazulpastel.com\/ementa\/en\/wp-json\/wp\/v2\/types\/product"}],"replies":[{"embeddable":true,"href":"https:\/\/loftsazulpastel.com\/ementa\/en\/wp-json\/wp\/v2\/comments?post=1533"}],"wp:featuredmedia":[{"embeddable":true,"href":"https:\/\/loftsazulpastel.com\/ementa\/en\/wp-json\/wp\/v2\/media\/1534"}],"wp:attachment":[{"href":"https:\/\/loftsazulpastel.com\/ementa\/en\/wp-json\/wp\/v2\/media?parent=1533"}],"wp:term":[{"taxonomy":"product_cat","embeddable":true,"href":"https:\/\/loftsazulpastel.com\/ementa\/en\/wp-json\/wp\/v2\/product_cat?post=1533"},{"taxonomy":"product_tag","embeddable":true,"href":"https:\/\/loftsazulpastel.com\/ementa\/en\/wp-json\/wp\/v2\/product_tag?post=1533"}],"curies":[{"name":"wp","href":"https:\/\/api.w.org\/{rel}","templated":true}]}}