{"id":1485,"date":"2020-06-10T22:43:28","date_gmt":"2020-06-10T22:43:28","guid":{"rendered":"https:\/\/loftsazulpastel.com\/ementa\/?post_type=product&#038;p=1485"},"modified":"2020-06-10T22:43:28","modified_gmt":"2020-06-10T22:43:28","slug":"quinta-da-mimosa","status":"publish","type":"product","link":"https:\/\/loftsazulpastel.com\/ementa\/en\/produto\/quinta-da-mimosa\/","title":{"rendered":"Quinta da Mimosa"},"content":{"rendered":"<p>Iniciada em 1920 por Deonilde Freitas, continuada por Germana Freitas e mais tarde por Ermelinda Freitas, sempre dedicou especial aten\u00e7\u00e3o ao vinho. Desde a primeira gera\u00e7\u00e3o que esta casa aposta na qualidade das vinhas e dos vinhos, que inicialmente eram produzidos e vendidos a granel sem marca pr\u00f3pria. Foi com a atual gest\u00e3o que se deu a grande mudan\u00e7a de se criar marcas pr\u00f3prias e em 1997, iniciou-se um novo ciclo com o primeiro vinho produzido e engarrafado da Casa Ermelinda Freitas.<\/p>\n","protected":false},"excerpt":{"rendered":"<p>Iniciada em 1920 por Deonilde Freitas, continuada por Germana Freitas e mais tarde por Ermelinda Freitas, sempre dedicou especial aten\u00e7\u00e3o ao vinho. Desde a primeira gera\u00e7\u00e3o que esta casa aposta na qualidade das vinhas e dos vinhos, que inicialmente eram produzidos e vendidos a granel sem marca pr\u00f3pria. Foi com a atual gest\u00e3o que se [&hellip;]<\/p>\n","protected":false},"featured_media":1486,"comment_status":"open","ping_status":"closed","template":"","meta":[],"product_cat":[79,65],"product_tag":[],"class_list":{"0":"post-1485","1":"product","2":"type-product","3":"status-publish","4":"has-post-thumbnail","6":"product_cat-tintos","7":"product_cat-vinhos","8":"exwoofood_loc-angustias","10":"first","11":"instock","12":"shipping-taxable","13":"purchasable","14":"product-type-simple"},"_links":{"self":[{"href":"https:\/\/loftsazulpastel.com\/ementa\/en\/wp-json\/wp\/v2\/product\/1485"}],"collection":[{"href":"https:\/\/loftsazulpastel.com\/ementa\/en\/wp-json\/wp\/v2\/product"}],"about":[{"href":"https:\/\/loftsazulpastel.com\/ementa\/en\/wp-json\/wp\/v2\/types\/product"}],"replies":[{"embeddable":true,"href":"https:\/\/loftsazulpastel.com\/ementa\/en\/wp-json\/wp\/v2\/comments?post=1485"}],"wp:featuredmedia":[{"embeddable":true,"href":"https:\/\/loftsazulpastel.com\/ementa\/en\/wp-json\/wp\/v2\/media\/1486"}],"wp:attachment":[{"href":"https:\/\/loftsazulpastel.com\/ementa\/en\/wp-json\/wp\/v2\/media?parent=1485"}],"wp:term":[{"taxonomy":"product_cat","embeddable":true,"href":"https:\/\/loftsazulpastel.com\/ementa\/en\/wp-json\/wp\/v2\/product_cat?post=1485"},{"taxonomy":"product_tag","embeddable":true,"href":"https:\/\/loftsazulpastel.com\/ementa\/en\/wp-json\/wp\/v2\/product_tag?post=1485"}],"curies":[{"name":"wp","href":"https:\/\/api.w.org\/{rel}","templated":true}]}}