{"id":1194,"date":"2020-05-29T15:44:26","date_gmt":"2020-05-29T15:44:26","guid":{"rendered":"https:\/\/kabemtodos.com\/?post_type=product&#038;p=1194"},"modified":"2020-05-29T16:03:43","modified_gmt":"2020-05-29T16:03:43","slug":"coca-cola","status":"publish","type":"product","link":"https:\/\/loftsazulpastel.com\/ementa\/en\/produto\/coca-cola\/","title":{"rendered":"Coca-Cola"},"content":{"rendered":"<p>A hist\u00f3ria da Coca-Cola inicia com a chegada do farmac\u00eautico John Pemberton na cidade de Atlanta nos Estados Unidos, logo ap\u00f3s a Guerra Civil americana.<\/p>\n","protected":false},"excerpt":{"rendered":"<p>A hist\u00f3ria da Coca-Cola inicia com a chegada do farmac\u00eautico John Pemberton na cidade de Atlanta nos Estados Unidos, logo ap\u00f3s a Guerra Civil americana.<\/p>\n","protected":false},"featured_media":1196,"comment_status":"open","ping_status":"closed","template":"","meta":[],"product_cat":[38],"product_tag":[40],"class_list":{"0":"post-1194","1":"product","2":"type-product","3":"status-publish","4":"has-post-thumbnail","6":"product_cat-refrigerantes","7":"product_tag-refrigerantes","9":"first","10":"instock","11":"shipping-taxable","12":"purchasable","13":"product-type-simple"},"_links":{"self":[{"href":"https:\/\/loftsazulpastel.com\/ementa\/en\/wp-json\/wp\/v2\/product\/1194"}],"collection":[{"href":"https:\/\/loftsazulpastel.com\/ementa\/en\/wp-json\/wp\/v2\/product"}],"about":[{"href":"https:\/\/loftsazulpastel.com\/ementa\/en\/wp-json\/wp\/v2\/types\/product"}],"replies":[{"embeddable":true,"href":"https:\/\/loftsazulpastel.com\/ementa\/en\/wp-json\/wp\/v2\/comments?post=1194"}],"wp:featuredmedia":[{"embeddable":true,"href":"https:\/\/loftsazulpastel.com\/ementa\/en\/wp-json\/wp\/v2\/media\/1196"}],"wp:attachment":[{"href":"https:\/\/loftsazulpastel.com\/ementa\/en\/wp-json\/wp\/v2\/media?parent=1194"}],"wp:term":[{"taxonomy":"product_cat","embeddable":true,"href":"https:\/\/loftsazulpastel.com\/ementa\/en\/wp-json\/wp\/v2\/product_cat?post=1194"},{"taxonomy":"product_tag","embeddable":true,"href":"https:\/\/loftsazulpastel.com\/ementa\/en\/wp-json\/wp\/v2\/product_tag?post=1194"}],"curies":[{"name":"wp","href":"https:\/\/api.w.org\/{rel}","templated":true}]}}